{"id":1168,"date":"2024-08-09T14:20:16","date_gmt":"2024-08-09T12:20:16","guid":{"rendered":"https:\/\/lemanegedegivet.fr\/?page_id=1168"},"modified":"2025-02-12T14:46:13","modified_gmt":"2025-02-12T13:46:13","slug":"mentions-legales","status":"publish","type":"page","link":"https:\/\/lemanegedegivet.fr\/?page_id=1168","title":{"rendered":"Mentions l\u00e9gales"},"content":{"rendered":"\n<div class=\"wp-block-uagb-container uagb-block-533a2620 alignwide uagb-is-root-container\">\n<p class=\"has-text-align-center has-base-2-color has-contrast-3-background-color has-text-color has-background has-link-color has-large-font-size wp-elements-2158dd61d82cb8a0badc7cd8c627ac3f\">Edition \/ Conception \/ R\u00e9alisation <br>Mairie de Givet<br> 11 place Carnot<br>08600 Givet<br>T\u00e9l. : +33 3 24 42 06 84<br>Site internet : lemanegedegivet.fr<br><br>H\u00e9bergement IONOS SE<br>\nElgendorfer Str. 57<br>\n56410 Montabaur<br>\nAllemagne<br>\nT\u00e9l. : 0970 808 911<br><\/p>\n<\/div>\n","protected":false},"excerpt":{"rendered":"<p>Edition \/ Conception \/ R\u00e9alisation Mairie de Givet 11 place Carnot08600 GivetT\u00e9l. : +33 3 24 42 06 84Site internet : lemanegedegivet.fr H\u00e9bergement IONOS SE Elgendorfer Str. 57 56410 Montabaur Allemagne T\u00e9l. : 0970 808 911<\/p>\n","protected":false},"author":2,"featured_media":0,"parent":0,"menu_order":0,"comment_status":"closed","ping_status":"closed","template":"infos","meta":{"inline_featured_image":false,"_uag_custom_page_level_css":"","footnotes":""},"class_list":["post-1168","page","type-page","status-publish","hentry"],"yoast_head":"<!-- This site is optimized with the Yoast SEO plugin v25.8 - https:\/\/yoast.com\/wordpress\/plugins\/seo\/ -->\n<title>Mentions l\u00e9gales - Le Man\u00e8ge<\/title>\n<meta name=\"robots\" content=\"index, follow, max-snippet:-1, max-image-preview:large, max-video-preview:-1\" \/>\n<link rel=\"canonical\" href=\"https:\/\/lemanegedegivet.fr\/?page_id=1168\" \/>\n<meta property=\"og:locale\" content=\"fr_FR\" \/>\n<meta property=\"og:type\" content=\"article\" \/>\n<meta property=\"og:title\" content=\"Mentions l\u00e9gales - Le Man\u00e8ge\" \/>\n<meta property=\"og:description\" content=\"Edition \/ Conception \/ R\u00e9alisation Mairie de Givet 11 place Carnot08600 GivetT\u00e9l. : +33 3 24 42 06 84Site internet : lemanegedegivet.fr H\u00e9bergement IONOS SE Elgendorfer Str. 57 56410 Montabaur Allemagne T\u00e9l. : 0970 808 911\" \/>\n<meta property=\"og:url\" content=\"https:\/\/lemanegedegivet.fr\/?page_id=1168\" \/>\n<meta property=\"og:site_name\" content=\"Le Man\u00e8ge\" \/>\n<meta property=\"article:publisher\" content=\"https:\/\/www.facebook.com\/people\/Cinma-Spectacles-Le-Mange-GIVET\/61551363475246\/\" \/>\n<meta property=\"article:modified_time\" content=\"2025-02-12T13:46:13+00:00\" \/>\n<meta name=\"twitter:card\" content=\"summary_large_image\" \/>\n<meta name=\"twitter:label1\" content=\"Dur\u00e9e de lecture estim\u00e9e\" \/>\n\t<meta name=\"twitter:data1\" content=\"1 minute\" \/>\n<script type=\"application\/ld+json\" class=\"yoast-schema-graph\">{\"@context\":\"https:\/\/schema.org\",\"@graph\":[{\"@type\":\"WebPage\",\"@id\":\"https:\/\/lemanegedegivet.fr\/?page_id=1168\",\"url\":\"https:\/\/lemanegedegivet.fr\/?page_id=1168\",\"name\":\"Mentions l\u00e9gales - Le Man\u00e8ge\",\"isPartOf\":{\"@id\":\"https:\/\/lemanegedegivet.fr\/#website\"},\"datePublished\":\"2024-08-09T12:20:16+00:00\",\"dateModified\":\"2025-02-12T13:46:13+00:00\",\"breadcrumb\":{\"@id\":\"https:\/\/lemanegedegivet.fr\/?page_id=1168#breadcrumb\"},\"inLanguage\":\"fr-FR\",\"potentialAction\":[{\"@type\":\"ReadAction\",\"target\":[\"https:\/\/lemanegedegivet.fr\/?page_id=1168\"]}]},{\"@type\":\"BreadcrumbList\",\"@id\":\"https:\/\/lemanegedegivet.fr\/?page_id=1168#breadcrumb\",\"itemListElement\":[{\"@type\":\"ListItem\",\"position\":1,\"name\":\"Accueil\",\"item\":\"https:\/\/lemanegedegivet.fr\/\"},{\"@type\":\"ListItem\",\"position\":2,\"name\":\"Mentions l\u00e9gales\"}]},{\"@type\":\"WebSite\",\"@id\":\"https:\/\/lemanegedegivet.fr\/#website\",\"url\":\"https:\/\/lemanegedegivet.fr\/\",\"name\":\"Le Man\u00e8ge de Givet\",\"description\":\"\",\"publisher\":{\"@id\":\"https:\/\/lemanegedegivet.fr\/#organization\"},\"potentialAction\":[{\"@type\":\"SearchAction\",\"target\":{\"@type\":\"EntryPoint\",\"urlTemplate\":\"https:\/\/lemanegedegivet.fr\/?s={search_term_string}\"},\"query-input\":{\"@type\":\"PropertyValueSpecification\",\"valueRequired\":true,\"valueName\":\"search_term_string\"}}],\"inLanguage\":\"fr-FR\"},{\"@type\":\"Organization\",\"@id\":\"https:\/\/lemanegedegivet.fr\/#organization\",\"name\":\"Le Man\u00e8ge de Givet\",\"url\":\"https:\/\/lemanegedegivet.fr\/\",\"logo\":{\"@type\":\"ImageObject\",\"inLanguage\":\"fr-FR\",\"@id\":\"https:\/\/lemanegedegivet.fr\/#\/schema\/logo\/image\/\",\"url\":\"https:\/\/lemanegedegivet.fr\/wp-content\/uploads\/jours_1920.avif\",\"contentUrl\":\"https:\/\/lemanegedegivet.fr\/wp-content\/uploads\/jours_1920.avif\",\"width\":1920,\"height\":1280,\"caption\":\"Le Man\u00e8ge de Givet\"},\"image\":{\"@id\":\"https:\/\/lemanegedegivet.fr\/#\/schema\/logo\/image\/\"},\"sameAs\":[\"https:\/\/www.facebook.com\/people\/Cinma-Spectacles-Le-Mange-GIVET\/61551363475246\/\"]}]}<\/script>\n<!-- \/ Yoast SEO plugin. -->","yoast_head_json":{"title":"Mentions l\u00e9gales - Le Man\u00e8ge","robots":{"index":"index","follow":"follow","max-snippet":"max-snippet:-1","max-image-preview":"max-image-preview:large","max-video-preview":"max-video-preview:-1"},"canonical":"https:\/\/lemanegedegivet.fr\/?page_id=1168","og_locale":"fr_FR","og_type":"article","og_title":"Mentions l\u00e9gales - Le Man\u00e8ge","og_description":"Edition \/ Conception \/ R\u00e9alisation Mairie de Givet 11 place Carnot08600 GivetT\u00e9l. : +33 3 24 42 06 84Site internet : lemanegedegivet.fr H\u00e9bergement IONOS SE Elgendorfer Str. 57 56410 Montabaur Allemagne T\u00e9l. : 0970 808 911","og_url":"https:\/\/lemanegedegivet.fr\/?page_id=1168","og_site_name":"Le Man\u00e8ge","article_publisher":"https:\/\/www.facebook.com\/people\/Cinma-Spectacles-Le-Mange-GIVET\/61551363475246\/","article_modified_time":"2025-02-12T13:46:13+00:00","twitter_card":"summary_large_image","twitter_misc":{"Dur\u00e9e de lecture estim\u00e9e":"1 minute"},"schema":{"@context":"https:\/\/schema.org","@graph":[{"@type":"WebPage","@id":"https:\/\/lemanegedegivet.fr\/?page_id=1168","url":"https:\/\/lemanegedegivet.fr\/?page_id=1168","name":"Mentions l\u00e9gales - Le Man\u00e8ge","isPartOf":{"@id":"https:\/\/lemanegedegivet.fr\/#website"},"datePublished":"2024-08-09T12:20:16+00:00","dateModified":"2025-02-12T13:46:13+00:00","breadcrumb":{"@id":"https:\/\/lemanegedegivet.fr\/?page_id=1168#breadcrumb"},"inLanguage":"fr-FR","potentialAction":[{"@type":"ReadAction","target":["https:\/\/lemanegedegivet.fr\/?page_id=1168"]}]},{"@type":"BreadcrumbList","@id":"https:\/\/lemanegedegivet.fr\/?page_id=1168#breadcrumb","itemListElement":[{"@type":"ListItem","position":1,"name":"Accueil","item":"https:\/\/lemanegedegivet.fr\/"},{"@type":"ListItem","position":2,"name":"Mentions l\u00e9gales"}]},{"@type":"WebSite","@id":"https:\/\/lemanegedegivet.fr\/#website","url":"https:\/\/lemanegedegivet.fr\/","name":"Le Man\u00e8ge de Givet","description":"","publisher":{"@id":"https:\/\/lemanegedegivet.fr\/#organization"},"potentialAction":[{"@type":"SearchAction","target":{"@type":"EntryPoint","urlTemplate":"https:\/\/lemanegedegivet.fr\/?s={search_term_string}"},"query-input":{"@type":"PropertyValueSpecification","valueRequired":true,"valueName":"search_term_string"}}],"inLanguage":"fr-FR"},{"@type":"Organization","@id":"https:\/\/lemanegedegivet.fr\/#organization","name":"Le Man\u00e8ge de Givet","url":"https:\/\/lemanegedegivet.fr\/","logo":{"@type":"ImageObject","inLanguage":"fr-FR","@id":"https:\/\/lemanegedegivet.fr\/#\/schema\/logo\/image\/","url":"https:\/\/lemanegedegivet.fr\/wp-content\/uploads\/jours_1920.avif","contentUrl":"https:\/\/lemanegedegivet.fr\/wp-content\/uploads\/jours_1920.avif","width":1920,"height":1280,"caption":"Le Man\u00e8ge de Givet"},"image":{"@id":"https:\/\/lemanegedegivet.fr\/#\/schema\/logo\/image\/"},"sameAs":["https:\/\/www.facebook.com\/people\/Cinma-Spectacles-Le-Mange-GIVET\/61551363475246\/"]}]}},"uagb_featured_image_src":{"full":false,"thumbnail":false,"medium":false,"medium_large":false,"large":false,"1536x1536":false,"2048x2048":false,"depicter-thumbnail":false},"uagb_author_info":{"display_name":"Eddy","author_link":"https:\/\/lemanegedegivet.fr\/?author=2"},"uagb_comment_info":0,"uagb_excerpt":"Edition \/ Conception \/ R\u00e9alisation Mairie de Givet 11 place Carnot08600 GivetT\u00e9l. : +33 3 24 42 06 84Site internet : lemanegedegivet.fr H\u00e9bergement IONOS SE Elgendorfer Str. 57 56410 Montabaur Allemagne T\u00e9l. : 0970 808 911","publishpress_future_action":{"enabled":false,"date":"2026-04-21 13:49:28","action":"change-status","newStatus":"draft","terms":[],"taxonomy":"","extraData":[]},"publishpress_future_workflow_manual_trigger":{"enabledWorkflows":[]},"_links":{"self":[{"href":"https:\/\/lemanegedegivet.fr\/index.php?rest_route=\/wp\/v2\/pages\/1168","targetHints":{"allow":["GET"]}}],"collection":[{"href":"https:\/\/lemanegedegivet.fr\/index.php?rest_route=\/wp\/v2\/pages"}],"about":[{"href":"https:\/\/lemanegedegivet.fr\/index.php?rest_route=\/wp\/v2\/types\/page"}],"author":[{"embeddable":true,"href":"https:\/\/lemanegedegivet.fr\/index.php?rest_route=\/wp\/v2\/users\/2"}],"replies":[{"embeddable":true,"href":"https:\/\/lemanegedegivet.fr\/index.php?rest_route=%2Fwp%2Fv2%2Fcomments&post=1168"}],"version-history":[{"count":9,"href":"https:\/\/lemanegedegivet.fr\/index.php?rest_route=\/wp\/v2\/pages\/1168\/revisions"}],"predecessor-version":[{"id":2220,"href":"https:\/\/lemanegedegivet.fr\/index.php?rest_route=\/wp\/v2\/pages\/1168\/revisions\/2220"}],"wp:attachment":[{"href":"https:\/\/lemanegedegivet.fr\/index.php?rest_route=%2Fwp%2Fv2%2Fmedia&parent=1168"}],"curies":[{"name":"wp","href":"https:\/\/api.w.org\/{rel}","templated":true}]}}